{"id":56,"date":"2025-10-20T19:14:51","date_gmt":"2025-10-20T17:14:51","guid":{"rendered":"https:\/\/www.cesta-radosti.cz\/?page_id=56"},"modified":"2025-12-15T11:45:38","modified_gmt":"2025-12-15T10:45:38","slug":"uvod","status":"publish","type":"page","link":"https:\/\/www.cesta-radosti.cz\/?page_id=56","title":{"rendered":""},"content":{"rendered":"<p>[et_pb_section fb_built=&#8220;1&#8243; _builder_version=&#8220;4.27.4&#8243; _module_preset=&#8220;default&#8220; background_color=&#8220;#FFFFFF&#8220; global_colors_info=&#8220;{}&#8220;][et_pb_row column_structure=&#8220;1_4,3_4&#8243; _builder_version=&#8220;4.27.4&#8243; _module_preset=&#8220;default&#8220; background_color=&#8220;#FFFFFF&#8220; width=&#8220;100%&#8220; max_width_last_edited=&#8220;off|phone&#8220; min_height=&#8220;413.8px&#8220; border_radii=&#8220;off||||&#8220; border_style_all=&#8220;none&#8220; global_colors_info=&#8220;{}&#8220;][et_pb_column type=&#8220;1_4&#8243; _builder_version=&#8220;4.27.4&#8243; _module_preset=&#8220;default&#8220; background_color=&#8220;gcid-410764ad-c102-4c8d-9757-e9cf0d0422f8&#8243; global_colors_info=&#8220;{%22gcid-410764ad-c102-4c8d-9757-e9cf0d0422f8%22:%91%22background_color%22%93}&#8220;][et_pb_text _builder_version=&#8220;4.27.4&#8243; _dynamic_attributes=&#8220;link_option_url&#8220; _module_preset=&#8220;default&#8220; background_color=&#8220;#FFFFFF&#8220; width=&#8220;100%&#8220; min_height=&#8220;316.6px&#8220; custom_padding=&#8220;|20px||20px|false|true&#8220; link_option_url=&#8220;@ET-DC@eyJkeW5hbWljIjp0cnVlLCJjb250ZW50IjoicG9zdF9saW5rX3VybF9wYWdlIiwic2V0dGluZ3MiOnsicG9zdF9pZCI6IjU2In19@&#8220; link_option_url_new_window=&#8220;on&#8220; global_colors_info=&#8220;{}&#8220;]<\/p>\n<p>Lidsk\u00e9 v\u011bdom\u00ed se m\u016f\u017ee nach\u00e1zet na r\u016fzn\u011b vysok\u00fdch \u00farovn\u00edch. Dr. D. Hawkins, kter\u00fd za\u017e\u00edval pokro\u010dil\u00e9 stavy v\u011bdom\u00ed ji\u017e od d\u011btstv\u00ed, je pojmenoval podle subjektivn\u00edch pro\u017eitk\u016f, kter\u00e9 na ka\u017ed\u00e9m stupni p\u0159evl\u00e1daj\u00ed, a podle energie jejich pole jim p\u0159i\u0159adil \u010d\u00edseln\u00e9 hodnoty od jedn\u00e9 do tis\u00edce (kde 1000 ozna\u010duje, stav nejvy\u0161\u0161\u00edch avatar\u016f, Kri\u0161ny, Zarathu\u0161try, Buddhy a Je\u017e\u00ed\u0161e Krista). Popisuje, jak\u00fdm zp\u016fsobem se na r\u016fzn\u00fdch stupn\u00edch v\u011bdom\u00ed chov\u00e1 lidsk\u00e9 ego a jak se projevuj\u00ed jeho p\u0159irozen\u00e1 omezen\u00ed. D\u00e1v\u00e1 praktick\u00e9 rady, jak m\u016f\u017eeme na jednotliv\u00fdch \u00farovn\u00edch p\u0159ekonat s nimi souvisej\u00edc\u00ed bloky, a tak ka\u017edou z nich postupn\u011b transcendovat a p\u0159ipravovat se na pokro\u010dil\u00e9 stavy vedouc\u00ed a\u017e k Osv\u00edcen\u00ed. Jeho knihy tedy nejsou jen anal\u00fdzou, ale p\u0159edev\u0161\u00edm praktick\u00fdmi p\u0159\u00edru\u010dkami.<\/p>\n<p>Odkaz n\u00ed\u017ee v\u00e1s zavede na vydavatele nejen knih Sira Davida R. Hawkinse, M.D., Ph.D. v origin\u00e1le a druh\u00fd odkaz na vydavatele jeho knih v \u010cR.<\/p>\n<p><a href=\"https:\/\/veritaspub.com\"><strong>https:\/\/veritaspub.com\/<\/strong><\/a><\/p>\n<p><a href=\"https:\/\/www.bohemicabooks.com\"><strong>https:\/\/www.bohemicabooks.com<\/strong><\/a><\/p>\n<p>[\/et_pb_text][et_pb_text _builder_version=&#8220;4.27.4&#8243; _module_preset=&#8220;default&#8220; hover_enabled=&#8220;0&#8243; global_colors_info=&#8220;{}&#8220; background_color=&#8220;#FFFFFF&#8220; sticky_enabled=&#8220;0&#8243;]<\/p>\n<p>Pokud vyvstane pot\u0159eba n\u011bjak\u00e9ho dovysv\u011btlen\u00ed text\u016f, m\u016f\u017eete napsat na n\u00ed\u017ee uveden\u00fd mail. Bude odpov\u011bzeno co nejd\u0159\u00edve to p\u016fjde.<img decoding=\"async\" src=\"https:\/\/www.cesta-radosti.cz\/wp-content\/themes\/Divi\/includes\/builder\/frontend-builder\/assets\/vendors\/plugins\/emoticons\/img\/smiley-innocent.gif\" alt=\"innocent\" \/><\/p>\n<p><a href=\"mailto:cestaradosti153@gmail.com\">cestaradosti153@gmail.com<\/a><\/p>\n<p>[\/et_pb_text][\/et_pb_column][et_pb_column type=&#8220;3_4&#8243; _builder_version=&#8220;4.27.4&#8243; _module_preset=&#8220;default&#8220; global_colors_info=&#8220;{}&#8220;][et_pb_heading title=&#8220;Na\u0161e srdce  nepot\u0159ebuje nov\u00fd sm\u011br, posta\u010d\u00ed pravda. Tich\u00e9 uv\u011bdom\u011bn\u00ed si toho, co nikdy nezaniklo. Cesta Radosti je prostor pro vnit\u0159n\u00ed zastaven\u00ed, kter\u00e9 je prvn\u00edm krokem ke zm\u011bn\u011b. Krokem ke zm\u011bn\u011b nen\u00ed zm\u011bna \u010dehokoliv ve sv\u011bt\u011b kolem n\u00e1s. T\u00edm krokem je pozn\u00e1n\u00ed sebe. Je tu pozv\u00e1n\u00ed k rozpozn\u00e1n\u00ed, \u017ee v\u0161e podstatn\u00e9 je st\u00e1le p\u0159\u00edtomn\u00e9\u2026pod n\u00e1nosem n\u00e1vyk\u016f, ochran a p\u0159esv\u011bd\u010den\u00ed, kter\u00e9 n\u00e1m dote\u010f slou\u017eily a p\u0159\u00edpadn\u011b n\u00e1s i chr\u00e1nily. Ned\u00e1v\u00e1me konkr\u00e9tn\u00ed n\u00e1vody a metody, Pouze sd\u00edl\u00edme vlastn\u00ed cestu a dary pozn\u00e1n\u00ed, kter\u00fdmi jsme na t\u00e9 cest\u011b byli obdarov\u00e1ni. Na\u0161e cesta i tyto str\u00e1nky jsou inspirov\u00e1ny u\u010den\u00edm a vyzkumem V\u011bdom\u00ed Davida R. Hawkinse; holistick\u00fd p\u0159\u00edstup, kontemplace, subjektivn\u00ed vn\u00edm\u00e1n\u00ed sv\u011bta, zv\u011bdom\u011bn\u00ed si kvalit z\u00e1m\u011bru, p\u0159ijet\u00ed, odevzd\u00e1n\u00ed v lehkosti a jemn\u00e9 schopnosti b\u00fdt s t\u00edm, co pr\u00e1v\u011b je bez odporu a slep\u00fdch uli\u010dek. Jestli vn\u00edm\u00e1\u0161 tich\u00e9 pozv\u00e1n\u00ed v srdci &#8211; vstup. Nejsi na to s\u00e1m.&#8220; _builder_version=&#8220;4.27.4&#8243; _module_preset=&#8220;default&#8220; title_font=&#8220;||on||||||&#8220; title_text_align=&#8220;justify&#8220; title_text_color=&#8220;#0D18E2&#8243; title_font_size=&#8220;21px&#8220; title_line_height=&#8220;1.3em&#8220; background_color=&#8220;#FFFFFF&#8220; custom_padding=&#8220;|42px||42px|false|true&#8220; title_font_last_edited=&#8220;off|desktop&#8220; title_text_align_tablet=&#8220;justify&#8220; title_text_align_phone=&#8220;justify&#8220; title_text_align_last_edited=&#8220;on|desktop&#8220; global_colors_info=&#8220;{}&#8220;][\/et_pb_heading][et_pb_blog fullwidth=&#8220;off&#8220; include_categories=&#8220;6&#8243; show_more=&#8220;on&#8220; show_author=&#8220;off&#8220; show_date=&#8220;off&#8220; show_categories=&#8220;off&#8220; _builder_version=&#8220;4.27.4&#8243; _module_preset=&#8220;default&#8220; header_level=&#8220;h1&#8243; body_font=&#8220;Roboto||||||||&#8220; body_font_size=&#8220;16px&#8220; width=&#8220;100%&#8220; max_width=&#8220;100%&#8220; module_alignment=&#8220;right&#8220; custom_padding=&#8220;|20px||20px|false|true&#8220; global_colors_info=&#8220;{}&#8220;][\/et_pb_blog][\/et_pb_column][\/et_pb_row][\/et_pb_section]<\/p>\n","protected":false},"excerpt":{"rendered":"<p>Lidsk\u00e9 v\u011bdom\u00ed se m\u016f\u017ee nach\u00e1zet na r\u016fzn\u011b vysok\u00fdch \u00farovn\u00edch. Dr. D. Hawkins, kter\u00fd za\u017e\u00edval pokro\u010dil\u00e9 stavy v\u011bdom\u00ed ji\u017e od d\u011btstv\u00ed, je pojmenoval podle subjektivn\u00edch pro\u017eitk\u016f, kter\u00e9 na ka\u017ed\u00e9m stupni p\u0159evl\u00e1daj\u00ed, a podle energie jejich pole jim p\u0159i\u0159adil \u010d\u00edseln\u00e9 hodnoty od jedn\u00e9 do tis\u00edce (kde 1000 ozna\u010duje, stav nejvy\u0161\u0161\u00edch avatar\u016f, Kri\u0161ny, Zarathu\u0161try, Buddhy a Je\u017e\u00ed\u0161e Krista). [&hellip;]<\/p>\n","protected":false},"author":1,"featured_media":0,"parent":0,"menu_order":0,"comment_status":"closed","ping_status":"closed","template":"","meta":{"_et_pb_use_builder":"on","_et_pb_old_content":"","_et_gb_content_width":"","footnotes":""},"class_list":["post-56","page","type-page","status-publish","hentry"],"_links":{"self":[{"href":"https:\/\/www.cesta-radosti.cz\/index.php?rest_route=\/wp\/v2\/pages\/56","targetHints":{"allow":["GET"]}}],"collection":[{"href":"https:\/\/www.cesta-radosti.cz\/index.php?rest_route=\/wp\/v2\/pages"}],"about":[{"href":"https:\/\/www.cesta-radosti.cz\/index.php?rest_route=\/wp\/v2\/types\/page"}],"author":[{"embeddable":true,"href":"https:\/\/www.cesta-radosti.cz\/index.php?rest_route=\/wp\/v2\/users\/1"}],"replies":[{"embeddable":true,"href":"https:\/\/www.cesta-radosti.cz\/index.php?rest_route=%2Fwp%2Fv2%2Fcomments&post=56"}],"version-history":[{"count":51,"href":"https:\/\/www.cesta-radosti.cz\/index.php?rest_route=\/wp\/v2\/pages\/56\/revisions"}],"predecessor-version":[{"id":266,"href":"https:\/\/www.cesta-radosti.cz\/index.php?rest_route=\/wp\/v2\/pages\/56\/revisions\/266"}],"wp:attachment":[{"href":"https:\/\/www.cesta-radosti.cz\/index.php?rest_route=%2Fwp%2Fv2%2Fmedia&parent=56"}],"curies":[{"name":"wp","href":"https:\/\/api.w.org\/{rel}","templated":true}]}}